{"id":1053,"date":"2021-04-19T10:51:31","date_gmt":"2021-04-19T14:51:31","guid":{"rendered":"http:\/\/www.vieecolo.com\/source-reduction\/finis-les-sacs-de-plastique-a-usage-unique\/"},"modified":"2021-11-04T12:25:50","modified_gmt":"2021-11-04T16:25:50","slug":"no-more-single-use-plastic-bags","status":"publish","type":"page","link":"https:\/\/www.vieecolo.com\/en\/source-reduction\/no-more-single-use-plastic-bags\/","title":{"rendered":"No more single-use plastic bags!"},"content":{"rendered":"<div class=\"wpb-content-wrapper\"><p>[vc_row css_animation=&#8221;&#8221; row_type=&#8221;row&#8221; use_row_as_full_screen_section=&#8221;no&#8221; type=&#8221;full_width&#8221; anchor=&#8221;objectifs&#8221; angled_section=&#8221;no&#8221; text_align=&#8221;left&#8221; background_image_as_pattern=&#8221;without_pattern&#8221; side_padding=&#8221;0% 0% 0% 0%&#8221; padding_top=&#8221;0%&#8221; css=&#8221;.vc_custom_1588013832671{background-color: #ffffff !important;}&#8221; el_class=&#8221;home-objectif&#8221; el_id=&#8221;objectifs&#8221; z_index=&#8221;&#8221;][vc_column css=&#8221;.vc_custom_1554840097646{padding-left: 10px !important;}&#8221;][vc_single_image image=&#8221;1055&#8243; img_size=&#8221;full&#8221; alignment=&#8221;center&#8221; qode_css_animation=&#8221;&#8221;][\/vc_column][\/vc_row][vc_row css_animation=&#8221;&#8221; row_type=&#8221;row&#8221; use_row_as_full_screen_section=&#8221;no&#8221; type=&#8221;full_width&#8221; anchor=&#8221;objectifs&#8221; angled_section=&#8221;no&#8221; text_align=&#8221;left&#8221; background_image_as_pattern=&#8221;without_pattern&#8221; css=&#8221;.vc_custom_1618844371128{padding-top: 90px !important;padding-bottom: 90px !important;background-color: #ffffff !important;}&#8221; el_class=&#8221;home-objectif&#8221; z_index=&#8221;&#8221;][vc_column css=&#8221;.vc_custom_1618845324719{padding-right: 10% !important;padding-left: 10px !important;}&#8221;][qode_elements_holder number_of_columns=&#8221;two_columns&#8221; columns_proportion=&#8221;33_66&#8243; switch_to_one_column=&#8221;1000&#8243; alignment_one_column=&#8221;center&#8221;][qode_elements_holder_item item_padding=&#8221;0% 0% 0% 10%&#8221; vertical_alignment=&#8221;middle&#8221; advanced_animations=&#8221;no&#8221; item_padding_768_1024=&#8221;10% 10% 10% 10%&#8221; item_padding_600_768=&#8221;10% 10% 10% 10%&#8221; item_padding_480_600=&#8221;10% 10% 10% 10%&#8221; item_padding_480=&#8221;10% 10% 10% 10%&#8221;][vc_column_text]<\/p>\n<h2><strong>No more single-use plastic bags!<\/strong><\/h2>\n<p>&nbsp;<\/p>\n<h4>Effective April 22, 2021,\u00a0<a href=\"https:\/\/www.ville.rosemere.qc.ca\/download.php?filename=R_929_final.pdf\">Bylaw 929<\/a>\u00a0banning plastic bags will come into force, which means that Rosem\u00e8re <strong>retail businesses<\/strong> will now be prohibited from distributing, selling or offering certain types of shopping bags on or after that date.\u00a0All plastic shopping bags, <strong>regardless of their thickness<\/strong>, are included in this ban. All residents are therefore being advised to get into the good habit (if this is not yet the case) of opting for reusable bags when shopping in the Town!<\/h4>\n<p>&nbsp;<\/p>\n<h4>The Town of Rosem\u00e8re adopted this environmental measure in February 2021, in keeping with the Communaut\u00e9 m\u00e9tropolitaine de Montr\u00e9al&#8217;s Action plan for plastic bags\u2014an initiative aimed at reducing the amount of waste materials at the source. A number of municipalities around the world have made a commitment to collectively fight against the proliferation of plastic bags and, more generally, against all plastic materials abandoned in nature, given their impact on terrestrial and marine ecosystems and the problems related to their decomposition and recycling.<\/h4>\n<p>&nbsp;<\/p>\n<h4>Although the COVID-19 pandemic delayed the adoption of this bylaw in 2020, Town Council intends\u00a0to extend this bylaw to restaurants in the near future, and to the following plastics items: straws, stir sticks (for coffee), can rings, utensils and food containers that are difficult to recycle.<\/h4>\n<p>[\/vc_column_text][\/qode_elements_holder_item][\/qode_elements_holder][\/vc_column][\/vc_row][vc_row css_animation=&#8221;&#8221; row_type=&#8221;row&#8221; use_row_as_full_screen_section=&#8221;no&#8221; type=&#8221;full_width&#8221; anchor=&#8221;objectifs&#8221; angled_section=&#8221;no&#8221; text_align=&#8221;left&#8221; background_image_as_pattern=&#8221;without_pattern&#8221; css=&#8221;.vc_custom_1618847732966{padding-top: 90px !important;background-color: #ffffff !important;}&#8221; el_class=&#8221;home-objectif&#8221; z_index=&#8221;&#8221;][vc_column css=&#8221;.vc_custom_1618845332695{padding-left: 10px !important;}&#8221;][vc_column_text el_class=&#8221;title-green&#8221; css=&#8221;.vc_custom_1618857567194{margin-bottom: 0px !important;padding-right: 50px !important;padding-left: 50px !important;}&#8221;]<\/p>\n<h6>WHY BAN SINGLE-USE PLASTIC BAGS?<\/h6>\n<p>[\/vc_column_text][qode_elements_holder number_of_columns=&#8221;two_columns&#8221; columns_proportion=&#8221;33_66&#8243; switch_to_one_column=&#8221;1000&#8243; alignment_one_column=&#8221;center&#8221;][qode_elements_holder_item item_padding=&#8221;0% 0% 5% 10%&#8221; vertical_alignment=&#8221;middle&#8221; advanced_animations=&#8221;no&#8221; item_padding_768_1024=&#8221;10% 10% 10% 10%&#8221; item_padding_600_768=&#8221;10% 10% 10% 10%&#8221; item_padding_480_600=&#8221;10% 10% 10% 10%&#8221; item_padding_480=&#8221;10% 10% 10% 10%&#8221;][vc_column_text css=&#8221;.vc_custom_1618857985842{padding-top: 5% !important;padding-right: 10% !important;padding-bottom: 5% !important;}&#8221;]At the present time,\u00a0between 1.4 and 2.7 billion shopping bags, mainly plastic ones, are distributed every year in Qu\u00e9bec. Only 14% of these bags are recycled. The purpose of banning single-use plastic bags is to reduce the impact of plastic bags on the environment.<\/p>\n<p>Impact of plastic bags:<\/p>\n<ul>\n<li>Lost plastic bags are a visual nuisance.<\/li>\n<li>They have significant impacts on terrestrial and marine ecosystems.<\/li>\n<li>They can take up to 1,000* years to decompose.<\/li>\n<li>Their production requires petroleum products as well as water and generates greenhouse gases.<\/li>\n<\/ul>\n<p>The purpose of the Bylaw is to promote the principle of reducing, at source, the waste materials generated by shopping bags. &#8220;Reduction at source&#8221; therefore means cutting down on the volume of waste materials generated by the production of shopping bags, both in terms of resource consumption (oil, water, plastic) and environmental impacts (production of greenhouse gases, etc.).<\/p>\n<p>*Source of data: Communaut\u00e9 m\u00e9tropolitaine de Montr\u00e9al[\/vc_column_text][\/qode_elements_holder_item][\/qode_elements_holder]<div class=\"qode-accordion-holder clearfix qode-toggle qode-initial \">\n\t<h4 class=\"clearfix qode-title-holder\">\n<span class=\"qode-tab-title\">\n\t    <span class=\"qode-tab-title-inner\">\n        Prohibited bags    <\/span>\n<\/span>\n<span class=\"qode-accordion-mark\">\n    <span class=\"qode-accordion-mark-icon\">\n        <span class=\"icon_plus\"><\/span>\n        <span class=\"icon_minus-06\"><\/span>\n    <\/span>\n<\/span>\n<\/h4>\n<div class=\"qode-accordion-content \" >\n    <div class=\"qode-accordion-content-inner\">\n        [vc_column_text]In retail businesses, it is prohibited to distribute the following shopping bags,\u00a0regardless of their thickness:<\/p>\n<ul>\n<li>conventional plastic bags\u00a0(bag made of petroleum-based materials offered, at checkout, to carry purchases);<\/li>\n<li>compostable bags (bags that appear to be made of plastic)<\/li>\n<li>biodegradable plastic bags (bag composed of polyethylene molecules that can be decomposed by the action of microorganisms);<\/li>\n<li>oxo-degradable or oxo-fragmentable plastic bags (bags made of petroleum-derived plastic with oxidizing additives that promote its decomposition into smaller pieces)<\/li>\n<li>conventional paper bags (bags made exclusively of cellulose fibres)<\/li>\n<\/ul>\n<p>[\/vc_column_text]    <\/div>\n<\/div><h4 class=\"clearfix qode-title-holder\">\n<span class=\"qode-tab-title\">\n\t    <span class=\"qode-tab-title-inner\">\n        Acceptable bags \/ Exemptions    <\/span>\n<\/span>\n<span class=\"qode-accordion-mark\">\n    <span class=\"qode-accordion-mark-icon\">\n        <span class=\"icon_plus\"><\/span>\n        <span class=\"icon_minus-06\"><\/span>\n    <\/span>\n<\/span>\n<\/h4>\n<div class=\"qode-accordion-content \" >\n    <div class=\"qode-accordion-content-inner\">\n        [vc_column_text]<\/p>\n<ul>\n<li>reusable bags (bags specifically designed to be reused several times as a shopping bag made of recycled material, natural fibers, polyester or polypropylene);<\/li>\n<li>recycled paper bags (bags made of all recycled paper or containing a minimum of 40% post-consumer fibre, non-waxed, recyclable or compostable);<\/li>\n<li>plastic packaging bags used for hygienic purposes to contain food products such as meat, poultry, fish or bulk products<\/li>\n<li>products already packaged by an industrial process<\/li>\n<li>garment bags provided by a dry cleaning business<\/li>\n<li>bags containing advertising material for door-to-door distribution<\/li>\n<li>bags for packaging tires<\/li>\n<\/ul>\n<p>[\/vc_column_text]    <\/div>\n<\/div><\/div>[\/vc_column][\/vc_row][vc_row css_animation=&#8221;&#8221; row_type=&#8221;row&#8221; use_row_as_full_screen_section=&#8221;no&#8221; type=&#8221;full_width&#8221; anchor=&#8221;objectifs&#8221; angled_section=&#8221;no&#8221; text_align=&#8221;left&#8221; background_image_as_pattern=&#8221;without_pattern&#8221; css=&#8221;.vc_custom_1618847673070{margin-bottom: 0px !important;background-color: #ffffff !important;}&#8221; el_class=&#8221;home-objectif&#8221; z_index=&#8221;&#8221;][vc_column css=&#8221;.vc_custom_1618847618478{padding-bottom: 0px !important;padding-left: 10px !important;}&#8221;][vc_column_text el_class=&#8221;title-green&#8221; css=&#8221;.vc_custom_1618858216918{margin-bottom: 0px !important;padding-right: 50px !important;padding-left: 50px !important;}&#8221;]<\/p>\n<h6>HOW CAN I DO MY PART AS A RESIDENT?<\/h6>\n<p>[\/vc_column_text][qode_elements_holder number_of_columns=&#8221;two_columns&#8221; columns_proportion=&#8221;33_66&#8243; switch_to_one_column=&#8221;1000&#8243; alignment_one_column=&#8221;center&#8221;][qode_elements_holder_item item_padding=&#8221;0% 0% 5% 10%&#8221; vertical_alignment=&#8221;middle&#8221; advanced_animations=&#8221;no&#8221; item_padding_768_1024=&#8221;10% 10% 10% 10%&#8221; item_padding_600_768=&#8221;10% 10% 10% 10%&#8221; item_padding_480_600=&#8221;10% 10% 10% 10%&#8221; item_padding_480=&#8221;10% 10% 10% 10%&#8221;][vc_column_text css=&#8221;.vc_custom_1618858496302{padding-top: 5% !important;padding-right: 10% !important;padding-bottom: 5% !important;}&#8221;]Starting now, residents are invited to use reusable bags in all types of businesses they go to.<\/p>\n<p>For spontaneous purchases, make sure you always have one or more on hand. In fact, some very compact reusable bags fit easily into a handbag, school bag, computer bag, coat pocket, etc. Otherwise, remember to always keep reusable bags in the car.[\/vc_column_text][\/qode_elements_holder_item][\/qode_elements_holder]<div class=\"qode-accordion-holder clearfix qode-toggle qode-initial \">\n\t<h4 class=\"clearfix qode-title-holder\">\n<span class=\"qode-tab-title\">\n\t    <span class=\"qode-tab-title-inner\">\n        But how do I choose the right reusable bag?    <\/span>\n<\/span>\n<span class=\"qode-accordion-mark\">\n    <span class=\"qode-accordion-mark-icon\">\n        <span class=\"icon_plus\"><\/span>\n        <span class=\"icon_minus-06\"><\/span>\n    <\/span>\n<\/span>\n<\/h4>\n<div class=\"qode-accordion-content \" >\n    <div class=\"qode-accordion-content-inner\">\n        [vc_column_text]A number of criteria can be considered in order to make a well-informed choice. It is difficult to find a bag that meets all the criteria, but if it meets a few, then it is a good choice.<\/p>\n<ul>\n<li>Durable (reuse guaranteed and long-lasting)<\/li>\n<li>Resistant (solid)<\/li>\n<li>Washable<\/li>\n<li>Recyclable<\/li>\n<li>Manufactured responsibly (e.g. local, fair trade, energy efficient)<\/li>\n<\/ul>\n<p>The best choice, however, is the bag you already own![\/vc_column_text]    <\/div>\n<\/div><\/div>[\/vc_column][\/vc_row][vc_row css_animation=&#8221;&#8221; row_type=&#8221;row&#8221; use_row_as_full_screen_section=&#8221;no&#8221; type=&#8221;full_width&#8221; anchor=&#8221;blogue&#8221; angled_section=&#8221;no&#8221; text_align=&#8221;left&#8221; background_image_as_pattern=&#8221;without_pattern&#8221; background_color=&#8221;#ffffff&#8221; el_id=&#8221;blogue&#8221; css=&#8221;.vc_custom_1494360366188{margin-bottom: 0px !important;padding-bottom: 60px !important;background-color: #ffffff !important;}&#8221;][vc_column][vc_column_text el_class=&#8221;title-green&#8221; css=&#8221;.vc_custom_1618858795847{margin-bottom: 50px !important;}&#8221;]<\/p>\n<h3 style=\"text-align: center;\">BLOG<\/h3>\n<p>[\/vc_column_text][vc_row_inner row_type=&#8221;row&#8221; type=&#8221;grid&#8221; text_align=&#8221;left&#8221; css_animation=&#8221;&#8221;][vc_column_inner]<div class='q_masonry_blog'><div class=\"q_masonry_blog_grid_sizer\"><\/div><div class=\"q_masonry_blog_grid_gutter\"><\/div><article  class='post-628 post type-post status-publish format-standard has-post-thumbnail hentry category-organic-waste '><div class=\"q_masonry_blog_post_image\"><a itemprop=\"url\" href=\"https:\/\/www.vieecolo.com\/en\/organic-waste\/taking-care-of-your-brown-bin-in-winter\/\" target=\"_self\"><img decoding=\"async\" itemprop=\"image\" src=\"https:\/\/www.vieecolo.com\/wp-content\/uploads\/2017\/12\/ROS_VieEcolo_Blog_122017.jpg\" \/><\/a><\/div><div class=\"q_masonry_blog_post_text\"><h5 itemprop=\"name\" class=\"q_masonry_blog_title entry_title\"><a itemprop=\"url\" href=\"https:\/\/www.vieecolo.com\/en\/organic-waste\/taking-care-of-your-brown-bin-in-winter\/\">Taking Care of Your Brown Bin in Winter<\/a><\/h5><p itemprop=\"description\" class=\"q_masonry_blog_excerpt\">It&#8217;s winter and the organic waste collection truck has just passed. With your coat and boots on, you go out to the curb to bring in the brown bin. You dust off the snow from the top and pull a bit harder on the handles......<\/p><div class=\"q_masonry_blog_post_info\"><span itemprop=\"dateCreated\" class=\"time entry_date updated\">14 December, 2017<meta itemprop=\"interactionCount\" content=\"UserComments: <?php echo get_comments_number(qode_get_page_id()); ?>\"\/><\/span><\/div><\/div><\/article><article  class='post-610 post type-post status-publish format-standard has-post-thumbnail hentry category-organic-waste '><div class=\"q_masonry_blog_post_image\"><a itemprop=\"url\" href=\"https:\/\/www.vieecolo.com\/en\/organic-waste\/paper-bag-or-compostable-plastic-bag-which-one-to-choose-for-the-pick-up\/\" target=\"_self\"><img decoding=\"async\" itemprop=\"image\" src=\"https:\/\/www.vieecolo.com\/wp-content\/uploads\/2017\/11\/ROS_Blogue_Nov2017.jpg\" \/><\/a><\/div><div class=\"q_masonry_blog_post_text\"><h5 itemprop=\"name\" class=\"q_masonry_blog_title entry_title\"><a itemprop=\"url\" href=\"https:\/\/www.vieecolo.com\/en\/organic-waste\/paper-bag-or-compostable-plastic-bag-which-one-to-choose-for-the-pick-up\/\">Paper Bag or Compostable Plastic Bag&#8230; Which One to Choose for the pick-up?<\/a><\/h5><p itemprop=\"description\" class=\"q_masonry_blog_excerpt\">Biodegradable, compostable, reusable or paper&#8230; It may be hard to distinguish between the various bags intended for composting and to buy the right product, when you don&#8217;t know the properties of each one. In fact, there is a wide range of different types of bags......<\/p><div class=\"q_masonry_blog_post_info\"><span itemprop=\"dateCreated\" class=\"time entry_date updated\">16 November, 2017<meta itemprop=\"interactionCount\" content=\"UserComments: <?php echo get_comments_number(qode_get_page_id()); ?>\"\/><\/span><\/div><\/div><\/article><article  class='post-517 post type-post status-publish format-standard has-post-thumbnail hentry category-organic-waste '><div class=\"q_masonry_blog_post_image\"><a itemprop=\"url\" href=\"https:\/\/www.vieecolo.com\/en\/organic-waste\/answers-to-your-questions\/\" target=\"_self\"><img decoding=\"async\" itemprop=\"image\" src=\"https:\/\/www.vieecolo.com\/wp-content\/uploads\/2017\/05\/ROS_VieEcolo_Blog_QuestionsRepondues.jpg\" \/><\/a><\/div><div class=\"q_masonry_blog_post_text\"><h5 itemprop=\"name\" class=\"q_masonry_blog_title entry_title\"><a itemprop=\"url\" href=\"https:\/\/www.vieecolo.com\/en\/organic-waste\/answers-to-your-questions\/\">Answers to your questions!<\/a><\/h5><p itemprop=\"description\" class=\"q_masonry_blog_excerpt\">Being ecological is popular and a lot easier than it once was. Today\u2019s generation is increasingly aware of the importance of preserving the environment and protecting the nature that surrounds us. Small, simple measures can make a huge difference. In other words, our lifestyle can......<\/p><div class=\"q_masonry_blog_post_info\"><span itemprop=\"dateCreated\" class=\"time entry_date updated\">02 May, 2017<meta itemprop=\"interactionCount\" content=\"UserComments: <?php echo get_comments_number(qode_get_page_id()); ?>\"\/><\/span><\/div><\/div><\/article><\/div>[\/vc_column_inner][\/vc_row_inner][\/vc_column][\/vc_row]<\/p>\n<\/div>","protected":false},"excerpt":{"rendered":"<p>[vc_row css_animation=&#8221;&#8221; row_type=&#8221;row&#8221; use_row_as_full_screen_section=&#8221;no&#8221; type=&#8221;full_width&#8221; anchor=&#8221;objectifs&#8221; angled_section=&#8221;no&#8221; text_align=&#8221;left&#8221; background_image_as_pattern=&#8221;without_pattern&#8221; side_padding=&#8221;0% 0% 0% 0%&#8221; padding_top=&#8221;0%&#8221; css=&#8221;.vc_custom_1588013832671{background-color: #ffffff !important;}&#8221; el_class=&#8221;home-objectif&#8221; el_id=&#8221;objectifs&#8221; z_index=&#8221;&#8221;][vc_column css=&#8221;.vc_custom_1554840097646{padding-left: 10px !important;}&#8221;][vc_single_image image=&#8221;1055&#8243; img_size=&#8221;full&#8221; alignment=&#8221;center&#8221; qode_css_animation=&#8221;&#8221;][\/vc_column][\/vc_row][vc_row css_animation=&#8221;&#8221; row_type=&#8221;row&#8221; use_row_as_full_screen_section=&#8221;no&#8221; type=&#8221;full_width&#8221; anchor=&#8221;objectifs&#8221; angled_section=&#8221;no&#8221; text_align=&#8221;left&#8221; background_image_as_pattern=&#8221;without_pattern&#8221; css=&#8221;.vc_custom_1618844371128{padding-top: 90px !important;padding-bottom: 90px !important;background-color: #ffffff !important;}&#8221; el_class=&#8221;home-objectif&#8221; z_index=&#8221;&#8221;][vc_column css=&#8221;.vc_custom_1618845324719{padding-right:&#8230;<\/p>\n","protected":false},"author":3,"featured_media":0,"parent":1019,"menu_order":0,"comment_status":"closed","ping_status":"closed","template":"full_width.php","meta":{"footnotes":""},"class_list":["post-1053","page","type-page","status-publish","hentry"],"_links":{"self":[{"href":"https:\/\/www.vieecolo.com\/en\/wp-json\/wp\/v2\/pages\/1053","targetHints":{"allow":["GET"]}}],"collection":[{"href":"https:\/\/www.vieecolo.com\/en\/wp-json\/wp\/v2\/pages"}],"about":[{"href":"https:\/\/www.vieecolo.com\/en\/wp-json\/wp\/v2\/types\/page"}],"author":[{"embeddable":true,"href":"https:\/\/www.vieecolo.com\/en\/wp-json\/wp\/v2\/users\/3"}],"replies":[{"embeddable":true,"href":"https:\/\/www.vieecolo.com\/en\/wp-json\/wp\/v2\/comments?post=1053"}],"version-history":[{"count":4,"href":"https:\/\/www.vieecolo.com\/en\/wp-json\/wp\/v2\/pages\/1053\/revisions"}],"predecessor-version":[{"id":1384,"href":"https:\/\/www.vieecolo.com\/en\/wp-json\/wp\/v2\/pages\/1053\/revisions\/1384"}],"up":[{"embeddable":true,"href":"https:\/\/www.vieecolo.com\/en\/wp-json\/wp\/v2\/pages\/1019"}],"wp:attachment":[{"href":"https:\/\/www.vieecolo.com\/en\/wp-json\/wp\/v2\/media?parent=1053"}],"curies":[{"name":"wp","href":"https:\/\/api.w.org\/{rel}","templated":true}]}}